{"id":32,"date":"2024-01-27T11:34:21","date_gmt":"2024-01-27T10:34:21","guid":{"rendered":"https:\/\/scuolastudisuperiori.unimc.it\/?page_id=32"},"modified":"2024-10-07T16:20:59","modified_gmt":"2024-10-07T14:20:59","slug":"diritti-e-doveri","status":"publish","type":"page","link":"https:\/\/scuolastudisuperiori.unimc.it\/it\/allievi-e-allieve\/diritti-e-doveri\/","title":{"rendered":"Diritti e Doveri"},"content":{"rendered":"\r\n\t\t<div  class=\"block-4f0922cd-127e-45ae-b404-976569af903d areoi-strip areoi-element strip alignfull section section-sm-bottom bg-secondary\">\r\n\t\t\t\r\n\t\t\t\n\r\n\t\t<div  class=\"block-4d4cf1af-edbb-4ffc-b004-6134763af83d areoi-element container\">\r\n\t\t\t\r\n\t\t\t\n\r\n\t\t<div  class=\"block-ff6bc386-9ad0-40dd-ae39-e018613e8341 row areoi-element\">\r\n\t\t\t\r\n\r\n\t\t\t\n\r\n\t\t<div  class=\"block-a55a9258-beaf-42b1-aa70-16a3c6aea9b9 col areoi-element\">\r\n\t\t\t\r\n\t\t\t\n<div class=\"yoast-breadcrumbs\"><span><span><a href=\"https:\/\/scuolastudisuperiori.unimc.it\/it\/allievi-e-allieve\/\">Allievi e Allieve<\/a><\/span> &gt; <span class=\"breadcrumb_last\" aria-current=\"page\">Diritti e Doveri<\/span><\/span><\/div>\n \r\n\t\t\t\r\n\t\t<\/div>\r\n\t\n \r\n\t\t<\/div>\r\n\t\n \r\n\t\t<\/div>\r\n\t\n \r\n\t\t<\/div>\r\n\t\n\n\r\n\t\t<div  class=\"block-78b887f2-509c-4ec2-a68b-34f2443b0b28 areoi-strip areoi-element strip alignfull section\">\r\n\t\t\t\r\n\t\t\t\n\r\n\t\t<div  class=\"block-310ede68-2c86-43ce-bc16-0eb26c8d891b areoi-element container\">\r\n\t\t\t\r\n\t\t\t\n\r\n\t\t<div  class=\"block-a3a112b7-0792-48ef-9abe-8ed779dd08f8 row areoi-element\">\r\n\t\t\t\r\n\r\n\t\t\t\n\r\n\t\t<div  class=\"block-93b7247e-735b-4369-bfdf-37e11135292f col areoi-element\">\r\n\t\t\t\r\n\t\t\t\n\n<h1 class=\"wp-block-heading display-2\">Diritti e doveri<\/h1>\n\n \r\n\t\t\t\r\n\t\t<\/div>\r\n\t\n \r\n\t\t<\/div>\r\n\t\n \r\n\t\t<\/div>\r\n\t\n\n\n<div style=\"height:40px\" aria-hidden=\"true\" class=\"wp-block-spacer\"><\/div>\n\n\n\r\n\t\t<div  class=\"block-003b6420-f7f1-47f7-8e98-08d93c2cde50 areoi-element container\">\r\n\t\t\t\r\n\t\t\t\n\r\n\t\t<div  class=\"block-7c8e0957-e5bc-4b32-af0d-8aeb97ab03fd row areoi-element\">\r\n\t\t\t\r\n\r\n\t\t\t\n\r\n\t\t<div  class=\"block-7bd3a9d9-ab55-4b78-a149-b7b1bf503519 col areoi-element\">\r\n\t\t\t\r\n\t\t\t\n\n<div class=\"wp-block-group bg-alice-blue py-4 px-3\"><div class=\"wp-block-group__inner-container is-layout-constrained wp-block-group-is-layout-constrained\">\n<h2 class=\"wp-block-heading display-3 text-primary\">Diritti di allievi e allieve<\/h2>\n\n\n\r\n\t\t<div  class=\"block-a40d5907-ca3b-4563-aafc-7749ed2528e7 row areoi-element gx-5\">\r\n\t\t\t\r\n\r\n\t\t\t\n\r\n\t\t<div  class=\"block-11bfd014-e956-417c-9e13-d1f2a2c54e0d col areoi-element col-12 col-sm-12 col-md-6\">\r\n\t\t\t\r\n\t\t\t\n\n<div class=\"wp-block-group text-container\"><div class=\"wp-block-group__inner-container is-layout-constrained wp-block-group-is-layout-constrained\">\n<p>L&#8217;ammissione alla Scuola conferisce il <strong>diritto a vitto e alloggio gratuiti<\/strong> indipendentemente dalle condizioni economiche proprie e familiari. L&#8217;ospitalit\u00e0 \u00e8 garantita presso le strutture messe a disposizione dall&#8217;Universit\u00e0.<\/p>\n\n\n\n<p>Sono previsti:<\/p>\n\n\n\n<ul class=\"wp-block-list\">\n<li>l&#8217;<strong>esonero da tasse e contributi di iscrizione<\/strong> ai Corsi di Laurea e di Laurea Magistrale dell&#8217;Universit\u00e0 di Macerata e ai corsi di studio della Scuola;<br><\/li>\n\n\n\n<li>l&#8217;<strong>assistenza di docenti-tutor<\/strong> per l&#8217;organizzazione degli studi e delle attivit\u00e0 di ricerca;<\/li>\n<\/ul>\n<\/div><\/div>\n\n \r\n\t\t\t\r\n\t\t<\/div>\r\n\t\n\n\r\n\t\t<div  class=\"block-03e97c88-3510-4fc8-bbd3-8550141a148b col areoi-element col-12 col-sm-12 col-md-6\">\r\n\t\t\t\r\n\t\t\t\n\n<div class=\"wp-block-group text-container\"><div class=\"wp-block-group__inner-container is-layout-constrained wp-block-group-is-layout-constrained\">\n<ul class=\"wp-block-list\">\n<li>l&#8217;<strong>accesso alle strutture e ai servizi<\/strong> dell&#8217;Universit\u00e0 nonch\u00e8 il diritto ad usufruire degli spazi appositamente dedicati allo studio e alla ricerca presso i locali della Scuola;<br><\/li>\n\n\n\n<li>il <strong>conferimento del Diploma<\/strong> della Scuola (a valere come Master di II livello) a coloro che abbiano acquisito i 60 CFU interni presso la Scuola, conseguito la Laurea Magistrale o altro titolo equivalente presso l&#8217;Universit\u00e0 entro l&#8217;ultima sessione utile dell&#8217;anno accademico di riferimento; <br><\/li>\n\n\n\n<li>la <strong>partecipazione a workshop e viaggi<\/strong> per la formazione di soft skills;<br><\/li>\n\n\n\n<li>le <strong>esperienze internazionali<\/strong>;<br><\/li>\n\n\n\n<li>la <strong>collaborazioni con enti e istituzioni<\/strong>.<br><\/li>\n<\/ul>\n<\/div><\/div>\n\n \r\n\t\t\t\r\n\t\t<\/div>\r\n\t\n \r\n\t\t<\/div>\r\n\t<\/div><\/div>\n\n \r\n\t\t\t\r\n\t\t<\/div>\r\n\t\n \r\n\t\t<\/div>\r\n\t\n \r\n\t\t<\/div>\r\n\t\n \r\n\t\t<\/div>\r\n\t\n\n\r\n\t\t<div  class=\"block-8987abd3-7c7a-48f5-92d4-1b972d8d06e1 areoi-strip areoi-element strip alignfull section vh-60\">\r\n\t\t\t\r\n\t\t<div class=\"areoi-background  \">\r\n\t\t\t<div class=\"container-fluid\" style=\"padding: 0;\">\r\n\t\t\t\t<div class=\"row justify-content-start\">\r\n\t\t\t\t\t<div class=\"col \">\r\n\t\t\t            <div class=\"areoi-background__color\" \r\n\t                        \tstyle=\"background: rgba(0, 0, 0,1)\">\r\n\t                        <\/div>\r\n\r\n\t                    \r\n\t                        \t<div class=\"areoi-background__image\" style=\"background-image:url(https:\/\/scuolastudisuperiori.unimc.it\/wp-content\/uploads\/2024\/03\/orizzontali-_0025_LEO-2024-HI-276-jpg.webp)\"><\/div>\r\n\t                        \r\n\r\n\t                    \r\n\r\n\t                    \r\n\t    \t\t\t<\/div>\r\n\t    \t\t<\/div>\r\n\t    \t<\/div>\r\n\t    <\/div>\r\n\t\r\n\t\t\t\n\r\n\t\t<div  class=\"block-493457ed-fc66-48e4-a517-5662236a74a0 areoi-element container\">\r\n\t\t\t\r\n\t\t\t\n\r\n\t\t<div  class=\"block-607f680d-38dd-4fd4-a63a-33601e1ff644 row areoi-element\">\r\n\t\t\t\r\n\r\n\t\t\t\n\r\n\t\t<div  class=\"block-3c74661a-10b4-4077-81b6-8977d4c6c5f6 col areoi-element\">\r\n\t\t\t\r\n\t\t\t \r\n\t\t\t\r\n\t\t<\/div>\r\n\t\n \r\n\t\t<\/div>\r\n\t\n \r\n\t\t<\/div>\r\n\t\n \r\n\t\t<\/div>\r\n\t\n\n\r\n\t\t<div  class=\"block-02fe3567-3581-416a-8391-a9dfd9990c34 areoi-strip areoi-element strip alignfull section\">\r\n\t\t\t\r\n\t\t\t\n\r\n\t\t<div  class=\"block-73f11638-4ddf-4bf5-8556-49d2773a37b0 areoi-element container\">\r\n\t\t\t\r\n\t\t\t\n\r\n\t\t<div  class=\"block-a6c1167b-c3be-450e-a491-815a5ca00173 row areoi-element\">\r\n\t\t\t\r\n\r\n\t\t\t\n\r\n\t\t<div  class=\"block-a46c2285-d209-4d7b-bdd7-98c11d63fb3f col areoi-element\">\r\n\t\t\t\r\n\t\t\t\n\n<h2 class=\"wp-block-heading display-3 text-primary\">Doveri di allievi e allieve<\/h2>\n\n \r\n\t\t\t\r\n\t\t<\/div>\r\n\t\n \r\n\t\t<\/div>\r\n\t\n \r\n\t\t<\/div>\r\n\t\n\n\r\n\t\t<div  class=\"block-7b3bf294-54ae-481d-ab98-458bf6661961 areoi-element container\">\r\n\t\t\t\r\n\t\t\t\n\r\n\t\t<div  class=\"block-cf18ac47-bd7f-4c91-8954-5f60ec1ef994 row areoi-element\">\r\n\t\t\t\r\n\r\n\t\t\t\n\r\n\t\t<div  class=\"block-5942df51-8e57-4c81-9c82-545510b142a1 col areoi-element col-12 col-sm-12 col-md-12 col-lg-6\">\r\n\t\t\t\r\n\t\t\t\n\n<div class=\"wp-block-group text-container\"><div class=\"wp-block-group__inner-container is-layout-constrained wp-block-group-is-layout-constrained\">\n<p>Per il passaggio agli anni successivi si deve:<\/p>\n\n\n\n<ul class=\"wp-block-list\">\n<li>sostenere <strong>tutti gli esami<\/strong> previsti dal piano di studi universitario <strong>entro il 31 ottobre<\/strong> di ogni anno e conseguire per ciascuno di essi una votazione non inferiore a <strong>24\/30<\/strong>;<\/li>\n\n\n\n<li>frequentare i corsi interni della Scuola, disciplinari e interdisciplinari, e conseguire i relativi crediti formativi <strong>(12 CFU) per ciascun anno<\/strong> di corso;<\/li>\n\n\n\n<li>frequentare il corso di lingua inglese, livello B2, volto al conseguimento della certificazione <strong>FCE<\/strong>, entro il primo anno di corso;<\/li>\n\n\n\n<li>frequentare il corso di lingua inglese, livello C1, volto al conseguimento della certificazione <strong>CAE<\/strong>, entro il quarto anno di corso; <\/li>\n\n\n\n<li>frequentare il corso <strong>ICDL<\/strong>, volto al conseguimento della relativa certificazione, entro il terzo anno di corso;<\/li>\n\n\n\n<li>frequentare un corso di lingua straniera a scelta (come seconda lingua) di almeno 40 ore, volto al conseguimento di un&#8217;attestazione di frequenza, entro il quinto anno di corso;<\/li>\n<\/ul>\n<\/div><\/div>\n\n \r\n\t\t\t\r\n\t\t<\/div>\r\n\t\n\n\r\n\t\t<div  class=\"block-9bd713ae-cd1c-41c3-8e3e-d9b999b7a44a col areoi-element col-12 col-sm-12 col-md-12 col-lg-6\">\r\n\t\t\t\r\n\t\t\t\n\n<div class=\"wp-block-group text-container\"><div class=\"wp-block-group__inner-container is-layout-constrained wp-block-group-is-layout-constrained\">\n<ul class=\"wp-block-list\">\n<li>svolgere attivit\u00e0 di studio e di ricerca all&#8217;estero;<\/li>\n\n\n\n<li>sostenere un esame annuale <strong>entro il 31 ottobre<\/strong> di ciascun anno, presentando al Consiglio di Direzione <strong>una relazione<\/strong> atta a dimostrare i progressi delle ricerche effettuate; <\/li>\n\n\n\n<li>sostenere un esame annuale, entro il mese di novembre, avente ad oggetto le attivit\u00e0 di ricerca e di formazione svolte nella Scuola; <\/li>\n\n\n\n<li>riportare una <strong>media complessiva di tutti gli esami<\/strong> per cui \u00e8 previsto un voto, includendo anche l&#8217;esame di cui al punto precedente, non inferiore a <strong>27\/30<\/strong>; contribuire al funzionamento della scuola prestando almeno 10 ore annuali in attivit\u00e0 di supporto (segreteria, orientamento\u2026); <\/li>\n\n\n\n<li>conseguire la Laurea di primo livello, ove prevista, <strong>entro il 31 ottobre<\/strong> del terzo anno;<\/li>\n\n\n\n<li>risiedere presso la Residenza della Scuola.<\/li>\n<\/ul>\n\n\n\n<p>Chi al 31 ottobre ha ottemperato a tutti i doveri precedentemente elencati \u00e8 confermato membro della Scuola e continua a godere dei relativi diritti.<\/p>\n<\/div><\/div>\n\n \r\n\t\t\t\r\n\t\t<\/div>\r\n\t\n \r\n\t\t<\/div>\r\n\t\n \r\n\t\t<\/div>\r\n\t\n \r\n\t\t<\/div>\r\n\t","protected":false},"excerpt":{"rendered":"<p> [&#8230;]<\/p>\n<p><a class=\"btn btn-secondary understrap-read-more-link\" href=\"https:\/\/scuolastudisuperiori.unimc.it\/it\/allievi-e-allieve\/diritti-e-doveri\/\">Leggi di pi\u00f9&#8230;<span class=\"screen-reader-text\"> from Diritti e Doveri<\/span><\/a><\/p>\n","protected":false},"author":1,"featured_media":0,"parent":30,"menu_order":0,"comment_status":"closed","ping_status":"closed","template":"","meta":{"_acf_changed":false,"footnotes":""},"class_list":["post-32","page","type-page","status-publish","hentry"],"acf":[],"yoast_head":"<!-- This site is optimized with the Yoast SEO plugin v27.3 - https:\/\/yoast.com\/product\/yoast-seo-wordpress\/ -->\n<title>Diritti e Doveri - Scuola Studi Superiori G. Leopardi<\/title>\n<meta name=\"robots\" content=\"index, follow, max-snippet:-1, max-image-preview:large, max-video-preview:-1\" \/>\n<link rel=\"canonical\" href=\"https:\/\/scuolastudisuperiori.unimc.it\/it\/allievi-e-allieve\/diritti-e-doveri\/\" \/>\n<meta property=\"og:locale\" content=\"it_IT\" \/>\n<meta property=\"og:type\" content=\"article\" \/>\n<meta property=\"og:title\" content=\"Diritti e Doveri - Scuola Studi Superiori G. Leopardi\" \/>\n<meta property=\"og:description\" content=\"[...]Leggi di pi\u00f9... from Diritti e Doveri\" \/>\n<meta property=\"og:url\" content=\"https:\/\/scuolastudisuperiori.unimc.it\/it\/allievi-e-allieve\/diritti-e-doveri\/\" \/>\n<meta property=\"og:site_name\" content=\"Scuola Studi Superiori G. Leopardi\" \/>\n<meta property=\"article:modified_time\" content=\"2024-10-07T14:20:59+00:00\" \/>\n<meta name=\"twitter:card\" content=\"summary_large_image\" \/>\n<script type=\"application\/ld+json\" class=\"yoast-schema-graph\">{\"@context\":\"https:\\\/\\\/schema.org\",\"@graph\":[{\"@type\":\"WebPage\",\"@id\":\"https:\\\/\\\/scuolastudisuperiori.unimc.it\\\/it\\\/allievi-e-allieve\\\/diritti-e-doveri\\\/\",\"url\":\"https:\\\/\\\/scuolastudisuperiori.unimc.it\\\/it\\\/allievi-e-allieve\\\/diritti-e-doveri\\\/\",\"name\":\"Diritti e Doveri - Scuola Studi Superiori G. Leopardi\",\"isPartOf\":{\"@id\":\"https:\\\/\\\/scuolastudisuperiori.unimc.it\\\/it\\\/#website\"},\"datePublished\":\"2024-01-27T10:34:21+00:00\",\"dateModified\":\"2024-10-07T14:20:59+00:00\",\"breadcrumb\":{\"@id\":\"https:\\\/\\\/scuolastudisuperiori.unimc.it\\\/it\\\/allievi-e-allieve\\\/diritti-e-doveri\\\/#breadcrumb\"},\"inLanguage\":\"it-IT\",\"potentialAction\":[{\"@type\":\"ReadAction\",\"target\":[\"https:\\\/\\\/scuolastudisuperiori.unimc.it\\\/it\\\/allievi-e-allieve\\\/diritti-e-doveri\\\/\"]}]},{\"@type\":\"BreadcrumbList\",\"@id\":\"https:\\\/\\\/scuolastudisuperiori.unimc.it\\\/it\\\/allievi-e-allieve\\\/diritti-e-doveri\\\/#breadcrumb\",\"itemListElement\":[{\"@type\":\"ListItem\",\"position\":1,\"name\":\"Allievi e Allieve\",\"item\":\"https:\\\/\\\/scuolastudisuperiori.unimc.it\\\/it\\\/allievi-e-allieve\\\/\"},{\"@type\":\"ListItem\",\"position\":2,\"name\":\"Diritti e Doveri\"}]},{\"@type\":\"WebSite\",\"@id\":\"https:\\\/\\\/scuolastudisuperiori.unimc.it\\\/it\\\/#website\",\"url\":\"https:\\\/\\\/scuolastudisuperiori.unimc.it\\\/it\\\/\",\"name\":\"Scuola Studi Superiori G. Leopardi\",\"description\":\"\",\"publisher\":{\"@id\":\"https:\\\/\\\/scuolastudisuperiori.unimc.it\\\/it\\\/#organization\"},\"potentialAction\":[{\"@type\":\"SearchAction\",\"target\":{\"@type\":\"EntryPoint\",\"urlTemplate\":\"https:\\\/\\\/scuolastudisuperiori.unimc.it\\\/it\\\/?s={search_term_string}\"},\"query-input\":{\"@type\":\"PropertyValueSpecification\",\"valueRequired\":true,\"valueName\":\"search_term_string\"}}],\"inLanguage\":\"it-IT\"},{\"@type\":\"Organization\",\"@id\":\"https:\\\/\\\/scuolastudisuperiori.unimc.it\\\/it\\\/#organization\",\"name\":\"Scuola Studi Superiori G. Leopardi\",\"url\":\"https:\\\/\\\/scuolastudisuperiori.unimc.it\\\/it\\\/\",\"logo\":{\"@type\":\"ImageObject\",\"inLanguage\":\"it-IT\",\"@id\":\"https:\\\/\\\/scuolastudisuperiori.unimc.it\\\/it\\\/#\\\/schema\\\/logo\\\/image\\\/\",\"url\":\"https:\\\/\\\/scuolastudisuperiori.unimc.it\\\/wp-content\\\/uploads\\\/2024\\\/06\\\/cropped-favicon.png\",\"contentUrl\":\"https:\\\/\\\/scuolastudisuperiori.unimc.it\\\/wp-content\\\/uploads\\\/2024\\\/06\\\/cropped-favicon.png\",\"width\":150,\"height\":150,\"caption\":\"Scuola Studi Superiori G. Leopardi\"},\"image\":{\"@id\":\"https:\\\/\\\/scuolastudisuperiori.unimc.it\\\/it\\\/#\\\/schema\\\/logo\\\/image\\\/\"}}]}<\/script>\n<!-- \/ Yoast SEO plugin. -->","yoast_head_json":{"title":"Diritti e Doveri - Scuola Studi Superiori G. Leopardi","robots":{"index":"index","follow":"follow","max-snippet":"max-snippet:-1","max-image-preview":"max-image-preview:large","max-video-preview":"max-video-preview:-1"},"canonical":"https:\/\/scuolastudisuperiori.unimc.it\/it\/allievi-e-allieve\/diritti-e-doveri\/","og_locale":"it_IT","og_type":"article","og_title":"Diritti e Doveri - Scuola Studi Superiori G. Leopardi","og_description":"[...]Leggi di pi\u00f9... from Diritti e Doveri","og_url":"https:\/\/scuolastudisuperiori.unimc.it\/it\/allievi-e-allieve\/diritti-e-doveri\/","og_site_name":"Scuola Studi Superiori G. Leopardi","article_modified_time":"2024-10-07T14:20:59+00:00","twitter_card":"summary_large_image","schema":{"@context":"https:\/\/schema.org","@graph":[{"@type":"WebPage","@id":"https:\/\/scuolastudisuperiori.unimc.it\/it\/allievi-e-allieve\/diritti-e-doveri\/","url":"https:\/\/scuolastudisuperiori.unimc.it\/it\/allievi-e-allieve\/diritti-e-doveri\/","name":"Diritti e Doveri - Scuola Studi Superiori G. Leopardi","isPartOf":{"@id":"https:\/\/scuolastudisuperiori.unimc.it\/it\/#website"},"datePublished":"2024-01-27T10:34:21+00:00","dateModified":"2024-10-07T14:20:59+00:00","breadcrumb":{"@id":"https:\/\/scuolastudisuperiori.unimc.it\/it\/allievi-e-allieve\/diritti-e-doveri\/#breadcrumb"},"inLanguage":"it-IT","potentialAction":[{"@type":"ReadAction","target":["https:\/\/scuolastudisuperiori.unimc.it\/it\/allievi-e-allieve\/diritti-e-doveri\/"]}]},{"@type":"BreadcrumbList","@id":"https:\/\/scuolastudisuperiori.unimc.it\/it\/allievi-e-allieve\/diritti-e-doveri\/#breadcrumb","itemListElement":[{"@type":"ListItem","position":1,"name":"Allievi e Allieve","item":"https:\/\/scuolastudisuperiori.unimc.it\/it\/allievi-e-allieve\/"},{"@type":"ListItem","position":2,"name":"Diritti e Doveri"}]},{"@type":"WebSite","@id":"https:\/\/scuolastudisuperiori.unimc.it\/it\/#website","url":"https:\/\/scuolastudisuperiori.unimc.it\/it\/","name":"Scuola Studi Superiori G. Leopardi","description":"","publisher":{"@id":"https:\/\/scuolastudisuperiori.unimc.it\/it\/#organization"},"potentialAction":[{"@type":"SearchAction","target":{"@type":"EntryPoint","urlTemplate":"https:\/\/scuolastudisuperiori.unimc.it\/it\/?s={search_term_string}"},"query-input":{"@type":"PropertyValueSpecification","valueRequired":true,"valueName":"search_term_string"}}],"inLanguage":"it-IT"},{"@type":"Organization","@id":"https:\/\/scuolastudisuperiori.unimc.it\/it\/#organization","name":"Scuola Studi Superiori G. Leopardi","url":"https:\/\/scuolastudisuperiori.unimc.it\/it\/","logo":{"@type":"ImageObject","inLanguage":"it-IT","@id":"https:\/\/scuolastudisuperiori.unimc.it\/it\/#\/schema\/logo\/image\/","url":"https:\/\/scuolastudisuperiori.unimc.it\/wp-content\/uploads\/2024\/06\/cropped-favicon.png","contentUrl":"https:\/\/scuolastudisuperiori.unimc.it\/wp-content\/uploads\/2024\/06\/cropped-favicon.png","width":150,"height":150,"caption":"Scuola Studi Superiori G. Leopardi"},"image":{"@id":"https:\/\/scuolastudisuperiori.unimc.it\/it\/#\/schema\/logo\/image\/"}}]}},"_links":{"self":[{"href":"https:\/\/scuolastudisuperiori.unimc.it\/it\/wp-json\/wp\/v2\/pages\/32","targetHints":{"allow":["GET"]}}],"collection":[{"href":"https:\/\/scuolastudisuperiori.unimc.it\/it\/wp-json\/wp\/v2\/pages"}],"about":[{"href":"https:\/\/scuolastudisuperiori.unimc.it\/it\/wp-json\/wp\/v2\/types\/page"}],"author":[{"embeddable":true,"href":"https:\/\/scuolastudisuperiori.unimc.it\/it\/wp-json\/wp\/v2\/users\/1"}],"replies":[{"embeddable":true,"href":"https:\/\/scuolastudisuperiori.unimc.it\/it\/wp-json\/wp\/v2\/comments?post=32"}],"version-history":[{"count":0,"href":"https:\/\/scuolastudisuperiori.unimc.it\/it\/wp-json\/wp\/v2\/pages\/32\/revisions"}],"up":[{"embeddable":true,"href":"https:\/\/scuolastudisuperiori.unimc.it\/it\/wp-json\/wp\/v2\/pages\/30"}],"wp:attachment":[{"href":"https:\/\/scuolastudisuperiori.unimc.it\/it\/wp-json\/wp\/v2\/media?parent=32"}],"curies":[{"name":"wp","href":"https:\/\/api.w.org\/{rel}","templated":true}]}}