{"id":20,"date":"2024-01-27T11:26:01","date_gmt":"2024-01-27T10:26:01","guid":{"rendered":"https:\/\/scuolastudisuperiori.unimc.it\/?page_id=20"},"modified":"2025-07-16T15:51:14","modified_gmt":"2025-07-16T13:51:14","slug":"organi-di-governo","status":"publish","type":"page","link":"https:\/\/scuolastudisuperiori.unimc.it\/it\/chi-siamo\/organi-di-governo\/","title":{"rendered":"Organi di Governo"},"content":{"rendered":"\r\n\t\t<div  class=\"block-4f0922cd-127e-45ae-b404-976569af903d areoi-strip areoi-element strip alignfull section section-sm-bottom bg-secondary\">\r\n\t\t\t\r\n\t\t\t\n\r\n\t\t<div  class=\"block-4d4cf1af-edbb-4ffc-b004-6134763af83d areoi-element container\">\r\n\t\t\t\r\n\t\t\t\n\r\n\t\t<div  class=\"block-ff6bc386-9ad0-40dd-ae39-e018613e8341 row areoi-element\">\r\n\t\t\t\r\n\r\n\t\t\t\n\r\n\t\t<div  class=\"block-a55a9258-beaf-42b1-aa70-16a3c6aea9b9 col areoi-element\">\r\n\t\t\t\r\n\t\t\t\n<div class=\"yoast-breadcrumbs\"><span><span><a href=\"https:\/\/scuolastudisuperiori.unimc.it\/it\/chi-siamo\/\">Chi siamo<\/a><\/span> &gt; <span class=\"breadcrumb_last\" aria-current=\"page\">Organi di Governo<\/span><\/span><\/div>\n \r\n\t\t\t\r\n\t\t<\/div>\r\n\t\n \r\n\t\t<\/div>\r\n\t\n \r\n\t\t<\/div>\r\n\t\n \r\n\t\t<\/div>\r\n\t\n\n\r\n\t\t<div  class=\"block-94805995-3dee-4329-80da-d5957332c561 areoi-strip areoi-element strip alignfull section\">\r\n\t\t\t\r\n\t\t\t\n\r\n\t\t<div  class=\"block-7cfe302c-28c7-4ce4-8f8c-b947e23098af areoi-element container\">\r\n\t\t\t\r\n\t\t\t\n\r\n\t\t<div  class=\"block-bd8e5a53-4285-4ad5-8a69-2c91fd15e022 row areoi-element\">\r\n\t\t\t\r\n\r\n\t\t\t\n\r\n\t\t<div  class=\"block-b8858e13-259b-4eef-9d0f-5ce08fa5640b col areoi-element col-lg-9\">\r\n\t\t\t\r\n\t\t\t\n\n<h1 class=\"wp-block-heading display-2 mb-4\">Organi di Governo<\/h1>\n\n\n\n<div class=\"wp-block-group text-container\"><div class=\"wp-block-group__inner-container is-layout-constrained wp-block-group-is-layout-constrained\">\n<p>Ai sensi del Titolo II (artt. 4, 5, 6, 7) del<strong> <a href='https:\/\/scuolastudisuperiori.unimc.it\/wp-content\/uploads\/2025\/01\/REGOLAMENTO_ScuolaLeopardi.pdf' aria-label='Link esterno' target='_blank'>REGOLAMENTO<\/a><\/strong>, sono organi della Scuola: <br>&#8211; Direzione <br>&#8211; Consiglio di Direzione <br>&#8211; Comitato Scientifico<\/p>\n<\/div><\/div>\n\n \r\n\t\t\t\r\n\t\t<\/div>\r\n\t\n \r\n\t\t<\/div>\r\n\t\n \r\n\t\t<\/div>\r\n\t\n\n\n<div style=\"height:40px\" aria-hidden=\"true\" class=\"wp-block-spacer\"><\/div>\n\n\n\r\n\t\t<div  class=\"block-85aea962-2f92-4fe6-bb2f-933c7d2976d6 areoi-element container\">\r\n\t\t\t\r\n\t\t\t\n\r\n\t\t<div  class=\"block-9b892ffa-73e5-48c3-a9bb-1f73048505fd row areoi-element\">\r\n\t\t\t\r\n\r\n\t\t\t\n\r\n\t\t<div  class=\"block-ea050285-5340-445a-b895-4959d8985325 col areoi-element\">\r\n\t\t\t\r\n\t\t\t\n\n<h2 class=\"wp-block-heading display-3\">Direzione<\/h2>\n\n\n\n<hr class=\"wp-block-separator has-alpha-channel-opacity\"\/>\n\n\n\r\n\t\t<div  class=\"block-679bcdf8-9174-42e7-a717-67ded9e8d3bf row areoi-element gx-5\">\r\n\t\t\t\r\n\r\n\t\t\t\n\r\n\t\t<div  class=\"block-837b66aa-f2ff-4d70-a64c-d5b6421d7574 col areoi-element col-12 col-sm-12 col-md-auto\">\r\n\t\t\t\r\n\t\t\t\n\n<figure class=\"wp-block-image size-full is-resized is-style-rounded mb-4 mb-md-0\"><img data-dominant-color=\"62564d\" data-has-transparency=\"false\" decoding=\"async\" width=\"720\" height=\"908\" src=\"https:\/\/scuolastudisuperiori.unimc.it\/wp-content\/uploads\/2024\/02\/NoPath-Copia-2@2x-jpg.webp\" alt=\"\" class=\"wp-image-468 not-transparent\" style=\"--dominant-color: #62564d; aspect-ratio:1;object-fit:cover;width:260px\"\/><\/figure>\n\n \r\n\t\t\t\r\n\t\t<\/div>\r\n\t\n\n\r\n\t\t<div  class=\"block-8ce65fa9-1888-4fe2-ac67-0024d735c371 col areoi-element\">\r\n\t\t\t\r\n\t\t\t\n\n<div class=\"wp-block-group text-container\"><div class=\"wp-block-group__inner-container is-layout-constrained wp-block-group-is-layout-constrained\">\n<p>La Direzione \u00e8 nominata con decreto del Rettore, sentito il Senato Accademico, tra il corpo docente ordinario a tempo pieno. Resta in carica tre anni e la sua nomina pu\u00f2 essere rinnovata per non pi\u00f9 di una volta consecutiva. <br>La sua figura pu\u00f2 essere coadiuvata da una figura di Vice che la sostituisce in caso di assenza, di impedimento o di anticipata cessazione.<\/p>\n\n\n\n<p>Con D.R. n. 125 del 01\/03\/2024 la <strong>Prof.ssa Carla Danani<\/strong>, docente ordinaria del settore scientifico disciplinare MFIL\/03 &#8211; Filosofia morale, \u00e8 stata confermata Direttrice della Scuola di Studi Superiori \u201cG. Leopardi\u201d di questa Universit\u00e0, per la durata di ulteriori tre anni.<\/p>\n<\/div><\/div>\n\n \r\n\t\t\t\r\n\t\t<\/div>\r\n\t\n \r\n\t\t<\/div>\r\n\t\n \r\n\t\t\t\r\n\t\t<\/div>\r\n\t\n \r\n\t\t<\/div>\r\n\t\n \r\n\t\t<\/div>\r\n\t\n\n\n<div style=\"height:80px\" aria-hidden=\"true\" class=\"wp-block-spacer\"><\/div>\n\n\n\r\n\t\t<div  class=\"block-c164b6e7-f46e-4de9-999b-cc0cd6512e50 areoi-element container\">\r\n\t\t\t\r\n\t\t\t\n\r\n\t\t<div  class=\"block-b4f79325-0416-497b-b7a4-5f3196410792 row areoi-element\">\r\n\t\t\t\r\n\r\n\t\t\t\n\r\n\t\t<div  class=\"block-b6b2060c-19dc-4056-9e45-149ab591f303 col areoi-element\">\r\n\t\t\t\r\n\t\t\t\n\n<h2 class=\"wp-block-heading display-3\">Consiglio di Direzione<\/h2>\n\n\n\n<hr class=\"wp-block-separator has-alpha-channel-opacity\"\/>\n\n\n\n<div class=\"wp-block-group text-container\"><div class=\"wp-block-group__inner-container is-layout-constrained wp-block-group-is-layout-constrained\">\n<p>\u00c9 l&#8217;organo collegiale di direzione della Scuola ed \u00e8 composto, oltre che da Direttore\/Direttrice, da una rappresentanza di docenti dei cinque Dipartimenti, del Senato Accademico, del Consiglio di Amministrazione e della componente studentesca. <\/p>\n\n\n\n<p>Possono essere chiamati a far parte del Consiglio di Direzione fino a due rappresentanti legali di enti pubblici o di soggetti privati, i quali abbiano contribuito o si impegnino a contribuire in maniera significativa al bilancio della Scuola. Il Consiglio di Direzione dura in carica tre anni, ad eccezione della componente studentesca che resta in carica per un anno. Il Consiglio di Direzione si riunisce almeno due volte l&#8217;anno su convocazione del Direttore o quando ne faccia richiesta almeno 1\/3 dei suoi membri.<\/p>\n\n\n\n<p>Il Consiglio di Direzione, nominato con D.R. 296 del 22\/06\/2022 e successive modifiche, \u00e8 cos\u00ec composto:<\/p>\n<\/div><\/div>\n\n \r\n\t\t\t\r\n\t\t<\/div>\r\n\t\n \r\n\t\t<\/div>\r\n\t\n \r\n\t\t<\/div>\r\n\t\n\n\n<div style=\"height:40px\" aria-hidden=\"true\" class=\"wp-block-spacer\"><\/div>\n\n\n\r\n\t\t<div  class=\"block-3faa9527-68cf-4cbe-84bd-08ae957e3a4a areoi-element container\">\r\n\t\t\t\r\n\t\t\t\n\r\n\t\t<div  class=\"block-b3524d83-5bc6-490c-bc41-728656e7fc99 row areoi-element\">\r\n\t\t\t\r\n\r\n\t\t\t\n\r\n\t\t<div  class=\"block-08d47836-d7ff-48c0-8c4a-9bf06ed687f5 col areoi-element\">\r\n\t\t\t\r\n\t\t\t\n\n<figure class=\"wp-block-table is-style-stripes\" style=\"font-size:14px\"><table><tbody><tr><td><strong>Prof.ssa Carla Danani<\/strong><\/td><td>Direttrice 2021\/2024<\/td><\/tr><tr><td><strong>Prof. Valerio Massimo De Angelis<\/strong><\/td><td>Componente designato dal Consiglio di Amministrazione<\/td><\/tr><tr><td><strong>Prof.ssa Anna Ascenzi<\/strong><\/td><td>Componente designato dal Senato Accademico<\/td><\/tr><tr><td><strong>Prof. Emanuele Frontoni<\/strong><\/td><td>Componente in rappresentanza del Dip.to di Scienze Politiche, della Comunicazione e delle Relazioni Internazionali<\/td><\/tr><tr><td><strong>Prof. Gianluca Contaldi<\/strong><\/td><td>Componente in rappresentanza del Dip.to di Giurisprudenza<\/td><\/tr><tr><td><strong>Prof.ssa Amanda Salvioni<\/strong><\/td><td>Componente in rappresentanza del Dip.to di Scienze della Formazione, dei Beni Culturali e del Turismo<\/td><\/tr><tr><td><strong>Prof.ssa Francesca Chiusaroli<\/strong><\/td><td>Componente in rappresentanza del Dip.to di Studi Umanistici &#8211; Lingue, mediazione, storia, lettere, filosofia<\/td><\/tr><tr><td><strong>Prof.ssa Eleonora Cutrini<\/strong><\/td><td>Componente in rappresentanza del Dip.to di Economia e diritto<\/td><\/tr><tr><td><strong>Gioia Ceccarelli<\/strong><\/td><td>Rappresentante di allievi e allieve della Scuola<\/td><\/tr><tr><td><strong>Alice Gigli<\/strong><\/td><td>Rappresentante di allievi e allieve della Scuola<\/td><\/tr><\/tbody><\/table><\/figure>\n\n \r\n\t\t\t\r\n\t\t<\/div>\r\n\t\n \r\n\t\t<\/div>\r\n\t\n \r\n\t\t<\/div>\r\n\t\n\n\n<div style=\"height:40px\" aria-hidden=\"true\" class=\"wp-block-spacer\"><\/div>\n\n\n\r\n\t\t<div  class=\"block-c164b6e7-f46e-4de9-999b-cc0cd6512e50 areoi-element container\">\r\n\t\t\t\r\n\t\t\t\n\r\n\t\t<div  class=\"block-b4f79325-0416-497b-b7a4-5f3196410792 row areoi-element\">\r\n\t\t\t\r\n\r\n\t\t\t\n\r\n\t\t<div  class=\"block-b6b2060c-19dc-4056-9e45-149ab591f303 col areoi-element\">\r\n\t\t\t\r\n\t\t\t\n\n<h2 class=\"wp-block-heading display-3\">Comitato Scientifico<\/h2>\n\n\n\n<hr class=\"wp-block-separator has-alpha-channel-opacity\"\/>\n\n\n\n<div class=\"wp-block-group text-container\"><div class=\"wp-block-group__inner-container is-layout-constrained wp-block-group-is-layout-constrained\">\n<p>Il Comitato Scientifico \u00e8 organo di programmazione e indirizzo delle attivit\u00e0 didattiche e di ricerca, con particolare riferimento alla definizione delle strategie di sviluppo e di cooperazione nazionale e internazionale della Scuola. Il Comitato Scientifico \u00e8 formato da cinque componenti, di cui almeno due stranieri, nominati dal Rettore su proposta del Senato Accademico tra studiosi di chiara fama. Il loro mandato dura in carica tre anni dalla data di nomina e non pu\u00f2 essere rinnovato consecutivamente per pi\u00f9 di una volta. <br>Esso pu\u00f2 operare anche per via telematica e si riunisce a Macerata, su proposta del Direttore, almeno una volta l\u2019anno.<\/p>\n\n\n\n<p>Il Comitato Scientifico \u00e8 stato nominato con D.R. n.382 del 5 luglio 2024 ed \u00e8 cos\u00ec composto:<\/p>\n<\/div><\/div>\n\n \r\n\t\t\t\r\n\t\t<\/div>\r\n\t\n \r\n\t\t<\/div>\r\n\t\n \r\n\t\t<\/div>\r\n\t\n\n\n<div style=\"height:40px\" aria-hidden=\"true\" class=\"wp-block-spacer\"><\/div>\n\n\n\r\n\t\t<div  class=\"block-3faa9527-68cf-4cbe-84bd-08ae957e3a4a areoi-element container\">\r\n\t\t\t\r\n\t\t\t\n\r\n\t\t<div  class=\"block-b3524d83-5bc6-490c-bc41-728656e7fc99 row areoi-element\">\r\n\t\t\t\r\n\r\n\t\t\t\n\r\n\t\t<div  class=\"block-08d47836-d7ff-48c0-8c4a-9bf06ed687f5 col areoi-element\">\r\n\t\t\t\r\n\t\t\t\n\n<figure class=\"wp-block-table is-style-stripes\" style=\"font-size:14px\"><table><tbody><tr><td><strong>Prof.ssa Maria Di Battista<\/strong><\/td><td><a href='https:\/\/complit.princeton.edu\/people\/maria-dibattista' aria-label='Link esterno' target='_blank'>download CV<\/a><\/td><td>Charles Barnwell Straut Class of 1923 Professor of English at Princeton University<\/td><\/tr><tr><td><strong><strong>Prof. Nicholas Allen<\/strong><\/strong><\/td><td><a href='https:\/\/www.english.uga.edu\/directory\/people\/nicholas-allen' aria-label='Link esterno' target='_blank'>download CV<\/a><\/td><td>Direttore del Willson Center, University of Georgia e Baldwin<br>professor in the Humanities<\/td><\/tr><tr><td><strong>Prof. Antonio Da Re<\/strong><\/td><td><a href='https:\/\/scuolastudisuperiori.unimc.it\/wp-content\/uploads\/2024\/02\/Curriculum-Vitae-Da-Re-Antonio.pdf' aria-label='Link esterno' target='_blank'>download CV<\/a><\/td><td>Docente di Filosofia morale \u2013 Dipartimento di Filosofia, Sociologia, Pedagogia e Psicologia Applicata (FISPPA) presso l\u2019Universit\u00e0 degli Studi di Padova;<\/td><\/tr><tr><td><strong>Prof. Franco Farinelli<\/strong><\/td><td><a href='https:\/\/scuolastudisuperiori.unimc.it\/wp-content\/uploads\/2024\/02\/Curriculum-Vitae-Farinelli-Franco.pdf' aria-label='Link esterno' target='_blank'>download CV<\/a><\/td><td>Docente emerito di Geografia presso Alma Mater Studiorum &#8211; Universit\u00e0 di Bologna;<\/td><\/tr><tr><td><strong>Prof. Joseph Paradiso<\/strong><\/td><td><a href='https:\/\/scuolastudisuperiori.unimc.it\/wp-content\/uploads\/2024\/02\/Curriculum-Vitae_Joseph-Paradiso.pdf' aria-label='Link esterno' target='_blank'>download CV<\/a><\/td><td>Docente di Media Arts and Sciences presso Massachusetts Institute of Technology.<\/td><\/tr><\/tbody><\/table><\/figure>\n\n \r\n\t\t\t\r\n\t\t<\/div>\r\n\t\n \r\n\t\t<\/div>\r\n\t\n \r\n\t\t<\/div>\r\n\t\n \r\n\t\t<\/div>\r\n\t","protected":false},"excerpt":{"rendered":"<p> [&#8230;]<\/p>\n<p><a class=\"btn btn-secondary understrap-read-more-link\" href=\"https:\/\/scuolastudisuperiori.unimc.it\/it\/chi-siamo\/organi-di-governo\/\">Leggi di pi\u00f9&#8230;<span class=\"screen-reader-text\"> from Organi di Governo<\/span><\/a><\/p>\n","protected":false},"author":1,"featured_media":0,"parent":5477,"menu_order":0,"comment_status":"closed","ping_status":"closed","template":"","meta":{"_acf_changed":false,"footnotes":""},"class_list":["post-20","page","type-page","status-publish","hentry"],"acf":[],"yoast_head":"<!-- This site is optimized with the Yoast SEO plugin v27.4 - https:\/\/yoast.com\/product\/yoast-seo-wordpress\/ -->\n<title>Organi di Governo - Scuola Studi Superiori G. Leopardi<\/title>\n<meta name=\"robots\" content=\"index, follow, max-snippet:-1, max-image-preview:large, max-video-preview:-1\" \/>\n<link rel=\"canonical\" href=\"https:\/\/scuolastudisuperiori.unimc.it\/it\/chi-siamo\/organi-di-governo\/\" \/>\n<meta property=\"og:locale\" content=\"it_IT\" \/>\n<meta property=\"og:type\" content=\"article\" \/>\n<meta property=\"og:title\" content=\"Organi di Governo - Scuola Studi Superiori G. Leopardi\" \/>\n<meta property=\"og:description\" content=\"[...]Leggi di pi\u00f9... from Organi di Governo\" \/>\n<meta property=\"og:url\" content=\"https:\/\/scuolastudisuperiori.unimc.it\/it\/chi-siamo\/organi-di-governo\/\" \/>\n<meta property=\"og:site_name\" content=\"Scuola Studi Superiori G. Leopardi\" \/>\n<meta property=\"article:modified_time\" content=\"2025-07-16T13:51:14+00:00\" \/>\n<meta property=\"og:image\" content=\"https:\/\/scuolastudisuperiori.unimc.it\/wp-content\/uploads\/2024\/02\/NoPath-Copia-2@2x-jpg.webp\" \/>\n<meta name=\"twitter:card\" content=\"summary_large_image\" \/>\n<script type=\"application\/ld+json\" class=\"yoast-schema-graph\">{\"@context\":\"https:\\\/\\\/schema.org\",\"@graph\":[{\"@type\":\"WebPage\",\"@id\":\"https:\\\/\\\/scuolastudisuperiori.unimc.it\\\/it\\\/chi-siamo\\\/organi-di-governo\\\/\",\"url\":\"https:\\\/\\\/scuolastudisuperiori.unimc.it\\\/it\\\/chi-siamo\\\/organi-di-governo\\\/\",\"name\":\"Organi di Governo - Scuola Studi Superiori G. Leopardi\",\"isPartOf\":{\"@id\":\"https:\\\/\\\/scuolastudisuperiori.unimc.it\\\/it\\\/#website\"},\"primaryImageOfPage\":{\"@id\":\"https:\\\/\\\/scuolastudisuperiori.unimc.it\\\/it\\\/chi-siamo\\\/organi-di-governo\\\/#primaryimage\"},\"image\":{\"@id\":\"https:\\\/\\\/scuolastudisuperiori.unimc.it\\\/it\\\/chi-siamo\\\/organi-di-governo\\\/#primaryimage\"},\"thumbnailUrl\":\"https:\\\/\\\/scuolastudisuperiori.unimc.it\\\/wp-content\\\/uploads\\\/2024\\\/02\\\/NoPath-Copia-2@2x-jpg.webp\",\"datePublished\":\"2024-01-27T10:26:01+00:00\",\"dateModified\":\"2025-07-16T13:51:14+00:00\",\"breadcrumb\":{\"@id\":\"https:\\\/\\\/scuolastudisuperiori.unimc.it\\\/it\\\/chi-siamo\\\/organi-di-governo\\\/#breadcrumb\"},\"inLanguage\":\"it-IT\",\"potentialAction\":[{\"@type\":\"ReadAction\",\"target\":[\"https:\\\/\\\/scuolastudisuperiori.unimc.it\\\/it\\\/chi-siamo\\\/organi-di-governo\\\/\"]}]},{\"@type\":\"ImageObject\",\"inLanguage\":\"it-IT\",\"@id\":\"https:\\\/\\\/scuolastudisuperiori.unimc.it\\\/it\\\/chi-siamo\\\/organi-di-governo\\\/#primaryimage\",\"url\":\"https:\\\/\\\/scuolastudisuperiori.unimc.it\\\/wp-content\\\/uploads\\\/2024\\\/02\\\/NoPath-Copia-2@2x-jpg.webp\",\"contentUrl\":\"https:\\\/\\\/scuolastudisuperiori.unimc.it\\\/wp-content\\\/uploads\\\/2024\\\/02\\\/NoPath-Copia-2@2x-jpg.webp\"},{\"@type\":\"BreadcrumbList\",\"@id\":\"https:\\\/\\\/scuolastudisuperiori.unimc.it\\\/it\\\/chi-siamo\\\/organi-di-governo\\\/#breadcrumb\",\"itemListElement\":[{\"@type\":\"ListItem\",\"position\":1,\"name\":\"Chi siamo\",\"item\":\"https:\\\/\\\/scuolastudisuperiori.unimc.it\\\/it\\\/chi-siamo\\\/\"},{\"@type\":\"ListItem\",\"position\":2,\"name\":\"Organi di Governo\"}]},{\"@type\":\"WebSite\",\"@id\":\"https:\\\/\\\/scuolastudisuperiori.unimc.it\\\/it\\\/#website\",\"url\":\"https:\\\/\\\/scuolastudisuperiori.unimc.it\\\/it\\\/\",\"name\":\"Scuola Studi Superiori G. Leopardi\",\"description\":\"\",\"publisher\":{\"@id\":\"https:\\\/\\\/scuolastudisuperiori.unimc.it\\\/it\\\/#organization\"},\"potentialAction\":[{\"@type\":\"SearchAction\",\"target\":{\"@type\":\"EntryPoint\",\"urlTemplate\":\"https:\\\/\\\/scuolastudisuperiori.unimc.it\\\/it\\\/?s={search_term_string}\"},\"query-input\":{\"@type\":\"PropertyValueSpecification\",\"valueRequired\":true,\"valueName\":\"search_term_string\"}}],\"inLanguage\":\"it-IT\"},{\"@type\":\"Organization\",\"@id\":\"https:\\\/\\\/scuolastudisuperiori.unimc.it\\\/it\\\/#organization\",\"name\":\"Scuola Studi Superiori G. Leopardi\",\"url\":\"https:\\\/\\\/scuolastudisuperiori.unimc.it\\\/it\\\/\",\"logo\":{\"@type\":\"ImageObject\",\"inLanguage\":\"it-IT\",\"@id\":\"https:\\\/\\\/scuolastudisuperiori.unimc.it\\\/it\\\/#\\\/schema\\\/logo\\\/image\\\/\",\"url\":\"https:\\\/\\\/scuolastudisuperiori.unimc.it\\\/wp-content\\\/uploads\\\/2024\\\/06\\\/cropped-favicon.png\",\"contentUrl\":\"https:\\\/\\\/scuolastudisuperiori.unimc.it\\\/wp-content\\\/uploads\\\/2024\\\/06\\\/cropped-favicon.png\",\"width\":150,\"height\":150,\"caption\":\"Scuola Studi Superiori G. Leopardi\"},\"image\":{\"@id\":\"https:\\\/\\\/scuolastudisuperiori.unimc.it\\\/it\\\/#\\\/schema\\\/logo\\\/image\\\/\"}}]}<\/script>\n<!-- \/ Yoast SEO plugin. -->","yoast_head_json":{"title":"Organi di Governo - Scuola Studi Superiori G. Leopardi","robots":{"index":"index","follow":"follow","max-snippet":"max-snippet:-1","max-image-preview":"max-image-preview:large","max-video-preview":"max-video-preview:-1"},"canonical":"https:\/\/scuolastudisuperiori.unimc.it\/it\/chi-siamo\/organi-di-governo\/","og_locale":"it_IT","og_type":"article","og_title":"Organi di Governo - Scuola Studi Superiori G. Leopardi","og_description":"[...]Leggi di pi\u00f9... from Organi di Governo","og_url":"https:\/\/scuolastudisuperiori.unimc.it\/it\/chi-siamo\/organi-di-governo\/","og_site_name":"Scuola Studi Superiori G. Leopardi","article_modified_time":"2025-07-16T13:51:14+00:00","og_image":[{"url":"https:\/\/scuolastudisuperiori.unimc.it\/wp-content\/uploads\/2024\/02\/NoPath-Copia-2@2x-jpg.webp","type":"","width":"","height":""}],"twitter_card":"summary_large_image","schema":{"@context":"https:\/\/schema.org","@graph":[{"@type":"WebPage","@id":"https:\/\/scuolastudisuperiori.unimc.it\/it\/chi-siamo\/organi-di-governo\/","url":"https:\/\/scuolastudisuperiori.unimc.it\/it\/chi-siamo\/organi-di-governo\/","name":"Organi di Governo - Scuola Studi Superiori G. Leopardi","isPartOf":{"@id":"https:\/\/scuolastudisuperiori.unimc.it\/it\/#website"},"primaryImageOfPage":{"@id":"https:\/\/scuolastudisuperiori.unimc.it\/it\/chi-siamo\/organi-di-governo\/#primaryimage"},"image":{"@id":"https:\/\/scuolastudisuperiori.unimc.it\/it\/chi-siamo\/organi-di-governo\/#primaryimage"},"thumbnailUrl":"https:\/\/scuolastudisuperiori.unimc.it\/wp-content\/uploads\/2024\/02\/NoPath-Copia-2@2x-jpg.webp","datePublished":"2024-01-27T10:26:01+00:00","dateModified":"2025-07-16T13:51:14+00:00","breadcrumb":{"@id":"https:\/\/scuolastudisuperiori.unimc.it\/it\/chi-siamo\/organi-di-governo\/#breadcrumb"},"inLanguage":"it-IT","potentialAction":[{"@type":"ReadAction","target":["https:\/\/scuolastudisuperiori.unimc.it\/it\/chi-siamo\/organi-di-governo\/"]}]},{"@type":"ImageObject","inLanguage":"it-IT","@id":"https:\/\/scuolastudisuperiori.unimc.it\/it\/chi-siamo\/organi-di-governo\/#primaryimage","url":"https:\/\/scuolastudisuperiori.unimc.it\/wp-content\/uploads\/2024\/02\/NoPath-Copia-2@2x-jpg.webp","contentUrl":"https:\/\/scuolastudisuperiori.unimc.it\/wp-content\/uploads\/2024\/02\/NoPath-Copia-2@2x-jpg.webp"},{"@type":"BreadcrumbList","@id":"https:\/\/scuolastudisuperiori.unimc.it\/it\/chi-siamo\/organi-di-governo\/#breadcrumb","itemListElement":[{"@type":"ListItem","position":1,"name":"Chi siamo","item":"https:\/\/scuolastudisuperiori.unimc.it\/it\/chi-siamo\/"},{"@type":"ListItem","position":2,"name":"Organi di Governo"}]},{"@type":"WebSite","@id":"https:\/\/scuolastudisuperiori.unimc.it\/it\/#website","url":"https:\/\/scuolastudisuperiori.unimc.it\/it\/","name":"Scuola Studi Superiori G. Leopardi","description":"","publisher":{"@id":"https:\/\/scuolastudisuperiori.unimc.it\/it\/#organization"},"potentialAction":[{"@type":"SearchAction","target":{"@type":"EntryPoint","urlTemplate":"https:\/\/scuolastudisuperiori.unimc.it\/it\/?s={search_term_string}"},"query-input":{"@type":"PropertyValueSpecification","valueRequired":true,"valueName":"search_term_string"}}],"inLanguage":"it-IT"},{"@type":"Organization","@id":"https:\/\/scuolastudisuperiori.unimc.it\/it\/#organization","name":"Scuola Studi Superiori G. Leopardi","url":"https:\/\/scuolastudisuperiori.unimc.it\/it\/","logo":{"@type":"ImageObject","inLanguage":"it-IT","@id":"https:\/\/scuolastudisuperiori.unimc.it\/it\/#\/schema\/logo\/image\/","url":"https:\/\/scuolastudisuperiori.unimc.it\/wp-content\/uploads\/2024\/06\/cropped-favicon.png","contentUrl":"https:\/\/scuolastudisuperiori.unimc.it\/wp-content\/uploads\/2024\/06\/cropped-favicon.png","width":150,"height":150,"caption":"Scuola Studi Superiori G. Leopardi"},"image":{"@id":"https:\/\/scuolastudisuperiori.unimc.it\/it\/#\/schema\/logo\/image\/"}}]}},"_links":{"self":[{"href":"https:\/\/scuolastudisuperiori.unimc.it\/it\/wp-json\/wp\/v2\/pages\/20","targetHints":{"allow":["GET"]}}],"collection":[{"href":"https:\/\/scuolastudisuperiori.unimc.it\/it\/wp-json\/wp\/v2\/pages"}],"about":[{"href":"https:\/\/scuolastudisuperiori.unimc.it\/it\/wp-json\/wp\/v2\/types\/page"}],"author":[{"embeddable":true,"href":"https:\/\/scuolastudisuperiori.unimc.it\/it\/wp-json\/wp\/v2\/users\/1"}],"replies":[{"embeddable":true,"href":"https:\/\/scuolastudisuperiori.unimc.it\/it\/wp-json\/wp\/v2\/comments?post=20"}],"version-history":[{"count":2,"href":"https:\/\/scuolastudisuperiori.unimc.it\/it\/wp-json\/wp\/v2\/pages\/20\/revisions"}],"predecessor-version":[{"id":8703,"href":"https:\/\/scuolastudisuperiori.unimc.it\/it\/wp-json\/wp\/v2\/pages\/20\/revisions\/8703"}],"up":[{"embeddable":true,"href":"https:\/\/scuolastudisuperiori.unimc.it\/it\/wp-json\/wp\/v2\/pages\/5477"}],"wp:attachment":[{"href":"https:\/\/scuolastudisuperiori.unimc.it\/it\/wp-json\/wp\/v2\/media?parent=20"}],"curies":[{"name":"wp","href":"https:\/\/api.w.org\/{rel}","templated":true}]}}